{"id":2775,"date":"2024-03-19T02:32:24","date_gmt":"2024-03-19T09:32:24","guid":{"rendered":"https:\/\/gogreengroup.wpenginepowered.com\/?page_id=2775"},"modified":"2024-03-19T16:27:41","modified_gmt":"2024-03-19T23:27:41","slug":"declaration-daccessibilite-ada","status":"publish","type":"page","link":"https:\/\/gogreensolutionsgroup.com\/fr\/ada-accessibility-statement\/","title":{"rendered":"D\u00e9claration d&#039;accessibilit\u00e9 de l&#039;ADA"},"content":{"rendered":"<div data-elementor-type=\"wp-page\" data-elementor-id=\"2775\" class=\"elementor elementor-2775\" data-elementor-post-type=\"page\">\n\t\t\t\t<div class=\"elementor-element elementor-element-54ec8fc short_banner_comman e-flex e-con-boxed e-con e-parent\" data-id=\"54ec8fc\" data-element_type=\"container\" data-e-type=\"container\" data-settings=\"{&quot;background_background&quot;:&quot;gradient&quot;}\">\n\t\t\t\t\t<div class=\"e-con-inner\">\n\t\t<div class=\"elementor-element elementor-element-6896070 e-flex e-con-boxed e-con e-child\" data-id=\"6896070\" data-element_type=\"container\" data-e-type=\"container\">\n\t\t\t\t\t<div class=\"e-con-inner\">\n\t\t\t\t<div class=\"elementor-element elementor-element-a39d8b3 elementor-widget__width-initial elementor-widget elementor-widget-heading\" data-id=\"a39d8b3\" data-element_type=\"widget\" data-e-type=\"widget\" data-widget_type=\"heading.default\">\n\t\t\t\t<div class=\"elementor-widget-container\">\n\t\t\t\t\t<h2 class=\"elementor-heading-title elementor-size-default\">D\u00e9claration d&#039;accessibilit\u00e9 de l&#039;ADA<\/h2>\t\t\t\t<\/div>\n\t\t\t\t<\/div>\n\t\t\t\t\t<\/div>\n\t\t\t\t<\/div>\n\t\t\t\t\t<\/div>\n\t\t\t\t<\/div>\n\t\t<div class=\"elementor-element elementor-element-e494049 e-flex e-con-boxed e-con e-parent\" data-id=\"e494049\" data-element_type=\"container\" data-e-type=\"container\">\n\t\t\t\t\t<div class=\"e-con-inner\">\n\t\t\t\t<div class=\"elementor-element elementor-element-6acfff0 elementor-widget__width-inherit text_div elementor-widget elementor-widget-text-editor\" data-id=\"6acfff0\" data-element_type=\"widget\" data-e-type=\"widget\" data-widget_type=\"text-editor.default\">\n\t\t\t\t<div class=\"elementor-widget-container\">\n\t\t\t\t\t\t\t\t\t<p><strong>D\u00e9claration d&#039;accessibilit\u00e9 de l&#039;ADA<\/strong><\/p><p>Green Solutions Group, LLC reconna\u00eet qu&#039;il existe divers handicaps pour les utilisateurs de ses sites Web et applications Web. Pour une exp\u00e9rience solide pour tous ses utilisateurs, le d\u00e9veloppement Web de Green Solutions Group, LLC inclut l&#039;accessibilit\u00e9 et la convivialit\u00e9 qui sont int\u00e9gr\u00e9es au site Web au mieux de nos capacit\u00e9s et de nos limites budg\u00e9taires.<\/p><p>L&#039;approche de Green Solutions Group, LLC pour son processus de d\u00e9veloppement de sites Web consiste \u00e0 se conformer au mieux de nos capacit\u00e9s au titre II de l&#039;Americans with Disabilities Act, aux articles 504 et 508 de la Rehabilitation Act de 1973, tel que modifi\u00e9, et \u00e0 diverses autres lois et r\u00e9glementations administratives. r\u00e8glement de l&#039;agence. L&#039;approche de Green Solutions Group, LLC pour la conception d&#039;exp\u00e9riences num\u00e9riques accessibles est guid\u00e9e par les directives pour l&#039;accessibilit\u00e9 du contenu Web (WCAG 2.0 niveau AA).<\/p><p>Gr\u00e2ce \u00e0 ce processus continu, il est possible que certains utilisateurs rencontrent des probl\u00e8mes pour acc\u00e9der \u00e0 certaines pages. Pour toute question sur les efforts de Green Solutions Group, LLC visant \u00e0 rendre ses informations Web accessibles \u00e0 tous les utilisateurs, ou pour demander de l&#039;aide concernant un probl\u00e8me d&#039;accessibilit\u00e9, veuillez envoyer un e-mail \u00e0 Green Solutions Group, LLC et fournir les informations suivantes\u00a0: vos coordonn\u00e9es, la date le probl\u00e8me est survenu, ainsi que l&#039;adresse Web ou l&#039;URL ainsi qu&#039;une description d\u00e9taill\u00e9e des probl\u00e8mes que vous avez rencontr\u00e9s. Sur demande, une m\u00e9thode alternative telle qu&#039;un entretien personnel chez Green Solutions Group, LLC, l&#039;utilisation d&#039;un t\u00e9l\u00e9scripteur, un enregistrement de la plainte ou une conversation t\u00e9l\u00e9phonique peut \u00eatre mise \u00e0 la disposition des personnes handicap\u00e9es.<\/p><p>Les sites Web et les applications Web peuvent ne pas \u00eatre enti\u00e8rement compatibles avec les lecteurs d&#039;\u00e9cran et autres technologies d&#039;assistance. Veuillez nous contacter pour tout probl\u00e8me que vous pourriez rencontrer. Une partie de notre contenu est disponible au format Portable Document Format (PDF).<\/p><p>Chaque page des sites Web comprendra un lien vers cette page d&#039;accessibilit\u00e9 du site Web et cette page de contact de Green Solutions Group, LLC, o\u00f9 les utilisateurs peuvent utiliser le lien ci-dessus pour envoyer des suggestions \u00e0 Green Solutions Group, LLC pour am\u00e9liorer ses sites Web et ses applications Web. Ces informations seront compil\u00e9es et prises en compte au cours du processus d&#039;examen.<\/p><p>Green Solutions Group, LLC fournit des liens informatifs vers des sites Web et des pages Web tiers que Green Solutions Group, LLC ne contr\u00f4le pas. Par cons\u00e9quent, Green Solutions Group, LLC ne peut pas contr\u00f4ler l\u2019accessibilit\u00e9 de ces sites Web. Si les sites Web tiers li\u00e9s ne sont pas accessibles, veuillez contacter le site Web tiers pour obtenir de l&#039;aide en mati\u00e8re d&#039;accessibilit\u00e9. Le Green Solutions Group, LLC ne sera pas responsable du respect de l&#039;accessibilit\u00e9 et\/ou des sites Web tiers li\u00e9s au site Web de Green Solutions Group, LLC.<\/p><p><strong>Ce document limite la responsabilit\u00e9 de l&#039;agence de d\u00e9veloppement tierce.<\/strong><\/p><p>\u00c0 moins que cette cl\u00f4ture ne soit supprim\u00e9e, ce document a \u00e9t\u00e9 g\u00e9n\u00e9r\u00e9 pour le client par Web Aika LLC afin de fournir au client un point de d\u00e9part \u00e0 partir duquel travailler. En aucun cas Web Aika LLC n&#039;assume aucune responsabilit\u00e9 l\u00e9gale quant \u00e0 l&#039;utilisation ou \u00e0 la mauvaise utilisation de ce document. Toutes les responsabilit\u00e9s et obligations l\u00e9gales r\u00e9sultant de l&#039;utilisation et\/ou de l&#039;abus du site Web par le client ou l&#039;utilisateur rel\u00e8vent uniquement de la responsabilit\u00e9 du propri\u00e9taire commercial de ce site Web. Web Aika LLC ne sera pas tenu responsable de tout litige et\/ou dommage pouvant r\u00e9sulter de l&#039;utilisation ou de l&#039;abus (comme dans le cas o\u00f9 ce document n&#039;est pas modifi\u00e9 par l&#039;autorit\u00e9 l\u00e9gale du client et reste sur le site Web). Cette d\u00e9claration, \u00e0 elle seule, sur le site public du site Web constitue un avertissement suffisant pour le client pour l&#039;informer que ce document doit \u00eatre ajust\u00e9 pour r\u00e9pondre aux exigences l\u00e9gales sp\u00e9cifiques du client et que cette clause doit donc \u00eatre supprim\u00e9e.<\/p>\t\t\t\t\t\t\t\t<\/div>\n\t\t\t\t<\/div>\n\t\t\t\t\t<\/div>\n\t\t\t\t<\/div>\n\t\t\t\t<\/div>","protected":false},"excerpt":{"rendered":"<p>ADA Accessibility Statement ADA Accessibility Statement Green Solutions Group, LLC recognizes that diverse disabilities exist for users of its\u00a0websites and [&hellip;]<\/p>\n","protected":false},"author":2,"featured_media":0,"parent":0,"menu_order":0,"comment_status":"closed","ping_status":"closed","template":"","meta":{"site-sidebar-layout":"no-sidebar","site-content-layout":"","ast-site-content-layout":"full-width-container","site-content-style":"default","site-sidebar-style":"default","ast-global-header-display":"","ast-banner-title-visibility":"","ast-main-header-display":"","ast-hfb-above-header-display":"","ast-hfb-below-header-display":"","ast-hfb-mobile-header-display":"","site-post-title":"disabled","ast-breadcrumbs-content":"","ast-featured-img":"disabled","footer-sml-layout":"","ast-disable-related-posts":"","theme-transparent-header-meta":"default","adv-header-id-meta":"","stick-header-meta":"","header-above-stick-meta":"","header-main-stick-meta":"","header-below-stick-meta":"","astra-migrate-meta-layouts":"set","ast-page-background-enabled":"default","ast-page-background-meta":{"desktop":{"background-color":"var(--ast-global-color-4)","background-image":"","background-repeat":"repeat","background-position":"center center","background-size":"auto","background-attachment":"scroll","background-type":"","background-media":"","overlay-type":"","overlay-color":"","overlay-opacity":"","overlay-gradient":""},"tablet":{"background-color":"","background-image":"","background-repeat":"repeat","background-position":"center center","background-size":"auto","background-attachment":"scroll","background-type":"","background-media":"","overlay-type":"","overlay-color":"","overlay-opacity":"","overlay-gradient":""},"mobile":{"background-color":"","background-image":"","background-repeat":"repeat","background-position":"center center","background-size":"auto","background-attachment":"scroll","background-type":"","background-media":"","overlay-type":"","overlay-color":"","overlay-opacity":"","overlay-gradient":""}},"ast-content-background-meta":{"desktop":{"background-color":"var(--ast-global-color-5)","background-image":"","background-repeat":"repeat","background-position":"center center","background-size":"auto","background-attachment":"scroll","background-type":"","background-media":"","overlay-type":"","overlay-color":"","overlay-opacity":"","overlay-gradient":""},"tablet":{"background-color":"var(--ast-global-color-5)","background-image":"","background-repeat":"repeat","background-position":"center center","background-size":"auto","background-attachment":"scroll","background-type":"","background-media":"","overlay-type":"","overlay-color":"","overlay-opacity":"","overlay-gradient":""},"mobile":{"background-color":"var(--ast-global-color-5)","background-image":"","background-repeat":"repeat","background-position":"center center","background-size":"auto","background-attachment":"scroll","background-type":"","background-media":"","overlay-type":"","overlay-color":"","overlay-opacity":"","overlay-gradient":""}},"footnotes":""},"class_list":["post-2775","page","type-page","status-publish","hentry"],"_links":{"self":[{"href":"https:\/\/gogreensolutionsgroup.com\/fr\/wp-json\/wp\/v2\/pages\/2775","targetHints":{"allow":["GET"]}}],"collection":[{"href":"https:\/\/gogreensolutionsgroup.com\/fr\/wp-json\/wp\/v2\/pages"}],"about":[{"href":"https:\/\/gogreensolutionsgroup.com\/fr\/wp-json\/wp\/v2\/types\/page"}],"author":[{"embeddable":true,"href":"https:\/\/gogreensolutionsgroup.com\/fr\/wp-json\/wp\/v2\/users\/2"}],"replies":[{"embeddable":true,"href":"https:\/\/gogreensolutionsgroup.com\/fr\/wp-json\/wp\/v2\/comments?post=2775"}],"version-history":[{"count":0,"href":"https:\/\/gogreensolutionsgroup.com\/fr\/wp-json\/wp\/v2\/pages\/2775\/revisions"}],"wp:attachment":[{"href":"https:\/\/gogreensolutionsgroup.com\/fr\/wp-json\/wp\/v2\/media?parent=2775"}],"curies":[{"name":"wp","href":"https:\/\/api.w.org\/{rel}","templated":true}]}}