{"id":2775,"date":"2024-03-19T02:32:24","date_gmt":"2024-03-19T09:32:24","guid":{"rendered":"https:\/\/gogreengroup.wpenginepowered.com\/?page_id=2775"},"modified":"2024-03-19T16:27:41","modified_gmt":"2024-03-19T23:27:41","slug":"ada-erklarung-zur-barrierefreiheit","status":"publish","type":"page","link":"https:\/\/gogreensolutionsgroup.com\/de\/ada-accessibility-statement\/","title":{"rendered":"ADA-Erkl\u00e4rung zur Barrierefreiheit"},"content":{"rendered":"<div data-elementor-type=\"wp-page\" data-elementor-id=\"2775\" class=\"elementor elementor-2775\" data-elementor-post-type=\"page\">\n\t\t\t\t<div class=\"elementor-element elementor-element-54ec8fc short_banner_comman e-flex e-con-boxed e-con e-parent\" data-id=\"54ec8fc\" data-element_type=\"container\" data-e-type=\"container\" data-settings=\"{&quot;background_background&quot;:&quot;gradient&quot;}\">\n\t\t\t\t\t<div class=\"e-con-inner\">\n\t\t<div class=\"elementor-element elementor-element-6896070 e-flex e-con-boxed e-con e-child\" data-id=\"6896070\" data-element_type=\"container\" data-e-type=\"container\">\n\t\t\t\t\t<div class=\"e-con-inner\">\n\t\t\t\t<div class=\"elementor-element elementor-element-a39d8b3 elementor-widget__width-initial elementor-widget elementor-widget-heading\" data-id=\"a39d8b3\" data-element_type=\"widget\" data-e-type=\"widget\" data-widget_type=\"heading.default\">\n\t\t\t\t<div class=\"elementor-widget-container\">\n\t\t\t\t\t<h2 class=\"elementor-heading-title elementor-size-default\">ADA-Erkl\u00e4rung zur Barrierefreiheit<\/h2>\t\t\t\t<\/div>\n\t\t\t\t<\/div>\n\t\t\t\t\t<\/div>\n\t\t\t\t<\/div>\n\t\t\t\t\t<\/div>\n\t\t\t\t<\/div>\n\t\t<div class=\"elementor-element elementor-element-e494049 e-flex e-con-boxed e-con e-parent\" data-id=\"e494049\" data-element_type=\"container\" data-e-type=\"container\">\n\t\t\t\t\t<div class=\"e-con-inner\">\n\t\t\t\t<div class=\"elementor-element elementor-element-6acfff0 elementor-widget__width-inherit text_div elementor-widget elementor-widget-text-editor\" data-id=\"6acfff0\" data-element_type=\"widget\" data-e-type=\"widget\" data-widget_type=\"text-editor.default\">\n\t\t\t\t<div class=\"elementor-widget-container\">\n\t\t\t\t\t\t\t\t\t<p><strong>ADA-Erkl\u00e4rung zur Barrierefreiheit<\/strong><\/p><p>Green Solutions Group, LLC ist sich bewusst, dass f\u00fcr Benutzer ihrer Websites und webbasierten Anwendungen verschiedene Behinderungen bestehen. Um allen Benutzern ein \u00fcberzeugendes Erlebnis zu bieten, umfasst die Webentwicklung der Green Solutions Group, LLC Zug\u00e4nglichkeit und Benutzerfreundlichkeit, die nach besten Kr\u00e4ften und Budgetbeschr\u00e4nkungen in die Website integriert werden.<\/p><p>Der Ansatz der Green Solutions Group, LLC f\u00fcr den Website-Entwicklungsprozess besteht darin, nach besten Kr\u00e4ften Titel II des Americans with Disabilities Act, Abschnitte 504 und 508 des Rehabilitation Act von 1973 in der jeweils g\u00fcltigen Fassung sowie verschiedene andere Gesetze und Verwaltungsgesetze einzuhalten Agenturvorschriften. Der Ansatz der Green Solutions Group, LLC zur Gestaltung barrierefreier digitaler Erlebnisse orientiert sich an den Web Content Accessibility Guidelines (WCAG 2.0 Level AA).<\/p><p>Durch diesen fortlaufenden Prozess ist es m\u00f6glich, dass einige Benutzer Probleme beim Zugriff auf bestimmte Seiten haben. Bei Fragen zu den Bem\u00fchungen der Green Solutions Group, LLC, ihre webbasierten Informationen f\u00fcr alle Benutzer zug\u00e4nglich zu machen, oder wenn Sie Hilfe bei einem Problem mit der Barrierefreiheit suchen, senden Sie bitte eine E-Mail an Green Solutions Group, LLC und geben Sie die folgenden Informationen an: Ihre Kontaktinformationen, das Datum das Problem aufgetreten ist, und die Webadresse oder URL zusammen mit einer detaillierten Beschreibung der aufgetretenen Probleme. Auf Anfrage kann f\u00fcr Menschen mit Behinderungen eine alternative Methode wie pers\u00f6nliche Interviews bei Green Solutions Group, LLC, die Verwendung eines Fernschreibers, eine Tonbandaufzeichnung der Beschwerde oder ein Telefongespr\u00e4ch zur Verf\u00fcgung gestellt werden.<\/p><p>Die Websites und webbasierten Anwendungen sind m\u00f6glicherweise nicht vollst\u00e4ndig mit Bildschirmleseprogrammen und anderen unterst\u00fctzenden Technologien kompatibel. Bitte kontaktieren Sie uns bei etwaigen Problemen. Einige unserer Inhalte sind im Portable Document Format (PDF) verf\u00fcgbar.<\/p><p>Jede Seite der Websites enth\u00e4lt einen Link zu dieser Website-Barrierefreiheitsseite und der Green Solutions Group, LLC-Kontaktseite, wo Benutzer den oben genannten Link verwenden k\u00f6nnen, um Green Solutions Group, LLC Vorschl\u00e4ge zur Verbesserung seiner Websites und webbasierten Anwendungen zu senden. Diese Informationen werden im Pr\u00fcfprozess zusammengestellt und ber\u00fccksichtigt.<\/p><p>Green Solutions Group, LLC stellt Informationslinks zu Websites und Webseiten Dritter bereit, die nicht der Kontrolle von Green Solutions Group, LLC unterliegen. Daher kann Green Solutions Group, LLC die Zug\u00e4nglichkeit dieser Websites nicht kontrollieren. Wenn die verlinkten Websites Dritter nicht zug\u00e4nglich sind, wenden Sie sich bitte an die Website des Drittanbieters, um Hilfe bei der Barrierefreiheit zu erhalten. Die Green Solutions Group, LLC ist nicht f\u00fcr die Einhaltung der Barrierefreiheit verantwortlich und\/oder haftbar f\u00fcr Websites Dritter, die von der Website der Green Solutions Group, LLC aus verlinkt sind.<\/p><p><strong>Dieses Dokument beschr\u00e4nkt die Haftung gegen\u00fcber der Drittentwicklungsagentur.<\/strong><\/p><p>Sofern dieser Abschluss nicht entfernt wird, wurde dieses Dokument von Web Aika LLC f\u00fcr den Kunden erstellt, um dem Kunden einen Ausgangspunkt f\u00fcr seine Arbeit zu bieten. Unter keinen Umst\u00e4nden \u00fcbernimmt Web Aika LLC eine rechtliche Verantwortung f\u00fcr die Verwendung oder den Missbrauch dieses Dokuments. S\u00e4mtliche rechtliche Verantwortung und Haftung aus der Nutzung und\/oder dem Missbrauch der Website durch den Kunden oder Benutzer liegt ausschlie\u00dflich in der Verantwortung des Gesch\u00e4ftsinhabers dieser Website. Web Aika LLC haftet nicht f\u00fcr Rechtsstreitigkeiten und\/oder Sch\u00e4den, die durch die Nutzung oder den Missbrauch entstanden sind (z. B. f\u00fcr den Fall, dass dieses Dokument nicht durch die gesetzliche Genehmigung des Kunden ge\u00e4ndert wird und auf der Website verbleibt). Allein diese Aussage im \u00f6ffentlichen Bereich der Website stellt eine ausreichende Warnung an den Kunden dar, um ihn dar\u00fcber zu informieren, dass dieses Dokument angepasst werden muss, um den spezifischen rechtlichen Anforderungen des Kunden gerecht zu werden, und dass diese Klausel daher entfernt werden muss.<\/p>\t\t\t\t\t\t\t\t<\/div>\n\t\t\t\t<\/div>\n\t\t\t\t\t<\/div>\n\t\t\t\t<\/div>\n\t\t\t\t<\/div>","protected":false},"excerpt":{"rendered":"<p>ADA Accessibility Statement ADA Accessibility Statement Green Solutions Group, LLC recognizes that diverse disabilities exist for users of its\u00a0websites and [&hellip;]<\/p>\n","protected":false},"author":2,"featured_media":0,"parent":0,"menu_order":0,"comment_status":"closed","ping_status":"closed","template":"","meta":{"site-sidebar-layout":"no-sidebar","site-content-layout":"","ast-site-content-layout":"full-width-container","site-content-style":"default","site-sidebar-style":"default","ast-global-header-display":"","ast-banner-title-visibility":"","ast-main-header-display":"","ast-hfb-above-header-display":"","ast-hfb-below-header-display":"","ast-hfb-mobile-header-display":"","site-post-title":"disabled","ast-breadcrumbs-content":"","ast-featured-img":"disabled","footer-sml-layout":"","ast-disable-related-posts":"","theme-transparent-header-meta":"default","adv-header-id-meta":"","stick-header-meta":"","header-above-stick-meta":"","header-main-stick-meta":"","header-below-stick-meta":"","astra-migrate-meta-layouts":"set","ast-page-background-enabled":"default","ast-page-background-meta":{"desktop":{"background-color":"var(--ast-global-color-4)","background-image":"","background-repeat":"repeat","background-position":"center center","background-size":"auto","background-attachment":"scroll","background-type":"","background-media":"","overlay-type":"","overlay-color":"","overlay-opacity":"","overlay-gradient":""},"tablet":{"background-color":"","background-image":"","background-repeat":"repeat","background-position":"center center","background-size":"auto","background-attachment":"scroll","background-type":"","background-media":"","overlay-type":"","overlay-color":"","overlay-opacity":"","overlay-gradient":""},"mobile":{"background-color":"","background-image":"","background-repeat":"repeat","background-position":"center center","background-size":"auto","background-attachment":"scroll","background-type":"","background-media":"","overlay-type":"","overlay-color":"","overlay-opacity":"","overlay-gradient":""}},"ast-content-background-meta":{"desktop":{"background-color":"var(--ast-global-color-5)","background-image":"","background-repeat":"repeat","background-position":"center center","background-size":"auto","background-attachment":"scroll","background-type":"","background-media":"","overlay-type":"","overlay-color":"","overlay-opacity":"","overlay-gradient":""},"tablet":{"background-color":"var(--ast-global-color-5)","background-image":"","background-repeat":"repeat","background-position":"center center","background-size":"auto","background-attachment":"scroll","background-type":"","background-media":"","overlay-type":"","overlay-color":"","overlay-opacity":"","overlay-gradient":""},"mobile":{"background-color":"var(--ast-global-color-5)","background-image":"","background-repeat":"repeat","background-position":"center center","background-size":"auto","background-attachment":"scroll","background-type":"","background-media":"","overlay-type":"","overlay-color":"","overlay-opacity":"","overlay-gradient":""}},"footnotes":""},"class_list":["post-2775","page","type-page","status-publish","hentry"],"_links":{"self":[{"href":"https:\/\/gogreensolutionsgroup.com\/de\/wp-json\/wp\/v2\/pages\/2775","targetHints":{"allow":["GET"]}}],"collection":[{"href":"https:\/\/gogreensolutionsgroup.com\/de\/wp-json\/wp\/v2\/pages"}],"about":[{"href":"https:\/\/gogreensolutionsgroup.com\/de\/wp-json\/wp\/v2\/types\/page"}],"author":[{"embeddable":true,"href":"https:\/\/gogreensolutionsgroup.com\/de\/wp-json\/wp\/v2\/users\/2"}],"replies":[{"embeddable":true,"href":"https:\/\/gogreensolutionsgroup.com\/de\/wp-json\/wp\/v2\/comments?post=2775"}],"version-history":[{"count":0,"href":"https:\/\/gogreensolutionsgroup.com\/de\/wp-json\/wp\/v2\/pages\/2775\/revisions"}],"wp:attachment":[{"href":"https:\/\/gogreensolutionsgroup.com\/de\/wp-json\/wp\/v2\/media?parent=2775"}],"curies":[{"name":"wp","href":"https:\/\/api.w.org\/{rel}","templated":true}]}}